{"id":618,"date":"2020-06-30T04:15:49","date_gmt":"2020-06-30T04:15:49","guid":{"rendered":"http:\/\/www.sociologiecraiova.ro\/revista\/?page_id=618"},"modified":"2020-06-30T04:34:29","modified_gmt":"2020-06-30T04:34:29","slug":"revista-universitara-de-sociologie-no-1","status":"publish","type":"page","link":"https:\/\/sociologiecraiova.ro\/revista\/revista-universitara-de-sociologie-no-1\/","title":{"rendered":"REVISTA UNIVERSITARA DE SOCIOLOGIE NO. 1\/2020"},"content":{"rendered":"\n<figure class=\"wp-block-table\"><table><tbody><tr><td><strong><a href=\"http:\/\/www.sociologiecraiova.ro\/revista\/wp-content\/uploads\/2020\/06\/00.-FULL-VERSION.pdf\">FULL VERSION<\/a><\/strong><\/td><td>&nbsp;<\/td><\/tr><tr><td><strong>&nbsp;<\/strong><\/td><td>PP.<\/td><\/tr><tr><td><a href=\"http:\/\/www.sociologiecraiova.ro\/revista\/wp-content\/uploads\/2020\/06\/00.-FULL-VERSION-12-23.pdf\"><strong>DO RESIDENTIAL AREAS DISPLAY FORMS OF CONVIVIALITY?<\/strong> <br><\/a>Matthieu GATEAU, Herv\u00e9 MARCHAL <br>Recived: 12.03.202<br>Accepted: 20.04.2020 &nbsp;<\/td><td>12-23<\/td><\/tr><tr><td><a href=\"http:\/\/www.sociologiecraiova.ro\/revista\/wp-content\/uploads\/2020\/06\/00.-FULL-VERSION-24-37.pdf\"><strong>WORK ENVIRONMENT AND WORKPLACE DEVIANT BEHAVIOUR IN NIGERIAN PUBLIC HOSPITALS<\/strong> <br><\/a>Deborah Shade ADEKEYE, Olumide Abraham AJAYI <br>Recived: 18.02.2020 <br>Accepted: 01.04.2020 &nbsp;<\/td><td>24-37<\/td><\/tr><tr><td><a href=\"http:\/\/www.sociologiecraiova.ro\/revista\/wp-content\/uploads\/2020\/06\/00.-FULL-VERSION-38-47.pdf\"><strong>TRAUMATIC EXPERIENCE OF LOWER LIMB AMPUTATION DURING ADULTHOOD: A CLINICAL ANALYSIS OF THE WORK INVOLVED IN CONTINUING ONE&#8217;S EXISTENCE<\/strong> <\/a><br>Emilie Clarisse TCHOKOTE, Joachen BANINDJEL, MEH Brenda Zou <br>Recived: 02.05.2020 <br>Accepted: 06.06.2020 &nbsp;<\/td><td>38-47<\/td><\/tr><tr><td><a href=\"http:\/\/www.sociologiecraiova.ro\/revista\/wp-content\/uploads\/2020\/06\/00.-FULL-VERSION-48-61.pdf\"><strong>PORT AND INDUSTRIAL ACTIVITIES IN DOUALA \u2013 CAMEROON: SOCIO-ECONOMIC MUTATIONS AND ENVIRONMENTAL CONSEQUENCES<\/strong> <br><\/a>Ars\u00e8ne Delors FOYET GANKAM, Gilbert BAMBOYE FONDZE <br>Recived: 21.01.2020 <br>Accepted: 14.03.2020 &nbsp;<\/td><td>48-61<\/td><\/tr><tr><td><strong><a href=\"http:\/\/www.sociologiecraiova.ro\/revista\/wp-content\/uploads\/2020\/06\/00.-FULL-VERSION-62-70.pdf\">VALUE ORIENTATIONS OF THE ROMANIAN POPULATION<\/a><\/strong> <br>Dorel ABRAHAM <br>Recived: 11.04.2020 <br>Accepted: 18.05.2020 &nbsp;<\/td><td>62-70<\/td><\/tr><tr><td><a href=\"http:\/\/www.sociologiecraiova.ro\/revista\/wp-content\/uploads\/2020\/06\/00.-FULL-VERSION-71-82.pdf\"><strong>CHILDREN&#8217;S OPINION ON CONDITIONS IN DAY CARE CENTERS<\/strong> <br><\/a>Cosmin GOIAN, Maria Alina BREAZ <br>Recived: 20.01.2020 <br>Accepted: 19.02.2020 &nbsp;<\/td><td>71-82<\/td><\/tr><tr><td><a href=\"http:\/\/www.sociologiecraiova.ro\/revista\/wp-content\/uploads\/2020\/06\/00.-FULL-VERSION-83-92.pdf\"><strong>ASPECTS OF FAMILY RELATIONSHIPS OF SEX WORKERS<\/strong> <br><\/a>Monica Lumini\u0163a ALEXANDRU <br>Recived: 26.04.2020 <br>Accepted: 17.05.2020 &nbsp;<\/td><td>83-92<\/td><\/tr><tr><td><a href=\"http:\/\/www.sociologiecraiova.ro\/revista\/wp-content\/uploads\/2020\/06\/00.-FULL-VERSION-93-103.pdf\"><strong>THEORETICAL ASPECTS RELATED TO THE CITIZEN PARTICIPATION AND THE PARTY ATTACHMENT FOR THE YOUNG PEOPLE<\/strong> <br><\/a>Alin TOMU\u015e, Ovidiu \u2013 Valentin BOC <br>Recived: 31.01.2020 <br>Accepted: 27.02.2020 &nbsp;<\/td><td>93-103<\/td><\/tr><tr><td><a href=\"http:\/\/www.sociologiecraiova.ro\/revista\/wp-content\/uploads\/2020\/06\/00.-FULL-VERSION-104-114.pdf\"><strong>HIGHER EDUCATION CHALLENGES DURING COVID-19 PANDEMIC. A CASE STUDY<\/strong> <br><\/a>Claudia S\u0102LCEANU <br>Recived: 15.04.2020 <br>Accepted: 21.05.2020 &nbsp;<\/td><td>104-114<\/td><\/tr><tr><td><a href=\"http:\/\/www.sociologiecraiova.ro\/revista\/wp-content\/uploads\/2020\/06\/00.-FULL-VERSION-115-124.pdf\"><strong>PURSUING BULLYING<\/strong> <br><\/a>Ioana TOCAI (S\u00ceRBU) <br>Recived: 12.05.2020 <br>Accepted: 21.06.2020 &nbsp;<\/td><td>115-124<\/td><\/tr><tr><td><a href=\"http:\/\/www.sociologiecraiova.ro\/revista\/wp-content\/uploads\/2020\/06\/00.-FULL-VERSION-125-139.pdf\"><strong>THE EVOLUTION OF THE INFORMATION DOCUMENTARY SUPPORT IN ROMANIA &#8211; A RETROSPECTIVE STUDY<\/strong> <br><\/a>Maria PESCARU, Dana STANA <br>Recived: 05.02.2020 <br>Accepted: 14.03.2020 &nbsp;<\/td><td>125-139<\/td><\/tr><tr><td><a href=\"http:\/\/www.sociologiecraiova.ro\/revista\/wp-content\/uploads\/2020\/06\/00.-FULL-VERSION-140-150.pdf\"><strong>THE INFLUENCE OF THE RESIDENTIAL ENVIRONMENT ON THE STRESS ASSESSMENT IN TEENAGERS<\/strong> <\/a><br>Maria Alina BREAZ <br>Recived: 22.03.2020 <br>Accepted: 30.04.2020 &nbsp;<\/td><td>140-150<\/td><\/tr><tr><td><a href=\"http:\/\/www.sociologiecraiova.ro\/revista\/wp-content\/uploads\/2020\/06\/00.-FULL-VERSION-151-166.pdf\"><strong>POSITIVISM &#8211; FROM WEAKNESSES TO NEW OPENINGS<\/strong> <\/a><br>Doina GAVRILOV <br>Recived: 17.04.2020 <br>Accepted: 27.05.2020 &nbsp;<\/td><td>151-166<\/td><\/tr><tr><td><a href=\"http:\/\/www.sociologiecraiova.ro\/revista\/wp-content\/uploads\/2020\/06\/00.-FULL-VERSION-167-179.pdf\"><strong>THE RELIGIOUS AND SPIRITUAL UNDERPINNINGS OF MODERNITY<\/strong> <br><\/a>Mihail UNGHEANU <br>Recived: 22.04.2020 <br>Accepted: 29.05.2020 &nbsp;<\/td><td>167-179<\/td><\/tr><tr><td><a href=\"http:\/\/www.sociologiecraiova.ro\/revista\/wp-content\/uploads\/2020\/06\/00.-FULL-VERSION-180-189.pdf\"><strong>SOCIOLOGICAL PERSPECTIVES AND THEORIES INTERPRETED IN THE CONTEXT OF PREADOLESCENTS\u2019 WELL-BEING<\/strong> <br><\/a>Sara-Debora TOPCIU <br>Recived: 14.02.2020 <br>Accepted: 19.03.2020 &nbsp;<\/td><td>180-189<\/td><\/tr><tr><td><a href=\"http:\/\/www.sociologiecraiova.ro\/revista\/wp-content\/uploads\/2020\/06\/00.-FULL-VERSION-190-201.pdf\"><strong>THE ROMANIAN COMMUNITY IN CHERNIVTSI: HISTORICAL LANDMARKS AND CURRENT ISSUES<\/strong> <br><\/a>Adrian OTOVESCU, Florin P\u0102S\u0102TOIU, Vlad Ovidiu CIOAC\u0102 <br>Recived: 26.04.2020 <br>Accepted: 28.05.2020 &nbsp;<\/td><td>190-201<\/td><\/tr><tr><td><a href=\"http:\/\/www.sociologiecraiova.ro\/revista\/wp-content\/uploads\/2020\/06\/00.-FULL-VERSION-202-216.pdf\"><strong>THE PROSOCIAL BEHAVIOUR OF ADOLESCENTS IN ONLINE VIDEO GAMES. A LITERATURE REVIEW<\/strong> <br><\/a>Gabriel-Constantin NICOLA <br>Recived: 07.01.2020 <br>Accepted: 05.02.2020 &nbsp;<\/td><td>202-216<\/td><\/tr><tr><td><a href=\"http:\/\/www.sociologiecraiova.ro\/revista\/wp-content\/uploads\/2020\/06\/00.-FULL-VERSION-217-224.pdf\"><strong>LEGAL INSTRUMENTS USED TO COMBAT DOMESTIC VIOLENCE IN ROMANIA<\/strong> <br><\/a>Adrian NICOLESCU <br>Recived: 21.04.2020 <br>Accepted: 23.05.2020 &nbsp;<\/td><td>217-224<\/td><\/tr><tr><td><a href=\"http:\/\/www.sociologiecraiova.ro\/revista\/wp-content\/uploads\/2020\/06\/00.-FULL-VERSION-225-240.pdf\"><strong>FOCUS ON SOCIOLOGY OF LEISURE: FROM THEORY TO DAILY LIFE<\/strong> <br><\/a>Andrada TOBIAS <br>Recived: 06.04.2020 <br>Accepted: 10.05.2020 &nbsp;<\/td><td>225-240<\/td><\/tr><tr><td><a href=\"http:\/\/www.sociologiecraiova.ro\/revista\/wp-content\/uploads\/2020\/06\/00.-FULL-VERSION-241-251.pdf\"><strong>SOCIAL PROBLEMS AND RISKS IN A MULTINATIONAL COMPANY AFTER THE ADOPTION OF AN ERP INFORMATION SYSTEM AND RPA TECHNOLOGIES<\/strong> <br><\/a>Viorel Costin BAN\u021aA <br>Recived: 18.03.2020 <br>Accepted: 17.04.2020 &nbsp;<\/td><td>241-251<\/td><\/tr><tr><td><a href=\"http:\/\/www.sociologiecraiova.ro\/revista\/wp-content\/uploads\/2020\/06\/00.-FULL-VERSION-252-266.pdf\"><strong>THE FAILURE OF MULTICULTURALISM AS COMMUNITY PROJECT AND MANAGERIAL PRACTICE<\/strong> <br><\/a>Liliana Gabriela ILIE <br>Recived: 11.05.2020 <br>Accepted: 15.06.2020 &nbsp;<\/td><td>252-266<\/td><\/tr><tr><td><a href=\"http:\/\/www.sociologiecraiova.ro\/revista\/wp-content\/uploads\/2020\/06\/00.-FULL-VERSION-267-272.pdf\"><strong>SCHOOL DROPOUT, ROMAN CHILDREN IN A PRECARIOUS SITUATION &#8211; CORRECTIVE ACTIONS AND RECORDED RESULTS<\/strong> <br><\/a>Rodica-Doina GEORGESCU <br>Recived: 21.01.2020 <br>Accepted: 24.02.2020 &nbsp;<\/td><td>267-272<\/td><\/tr><tr><td><a href=\"http:\/\/www.sociologiecraiova.ro\/revista\/wp-content\/uploads\/2020\/06\/00.-FULL-VERSION-273-285.pdf\"><strong>THE VALENCES OF THE SUPERVISION PROCESS WITHIN THE SOCIAL ASSISTANCE SERVICES<\/strong> <br><\/a>Cristina Maria PESCARU, Ana Maria DUMITRESCU, Maria PESCARU<br>Recived: 13.03.2020 <br>Accepted: 16.04.2020 <\/td><td>273-285<\/td><\/tr><tr><td><a href=\"http:\/\/www.sociologiecraiova.ro\/revista\/wp-content\/uploads\/2020\/06\/00.-FULL-VERSION-286-297.pdf\"><strong>ANDMARKS IN THE DYNAMICS OF SOCIAL INTEGRATION OF POST-INSTITUTIONALIZED YOUNG PEOPLE<\/strong> <br><\/a>Leontina Mihaela DRAGU <br>Recived: 11.05.2020 <br>Accepted: 10.06.2020 &nbsp;<\/td><td>&nbsp; &nbsp; &nbsp; 286-297<\/td><\/tr><tr><td><a href=\"http:\/\/www.sociologiecraiova.ro\/revista\/wp-content\/uploads\/2020\/06\/00.-FULL-VERSION-298-309.pdf\"><strong>MIGRATION OF ROMANIANS FOR WORK DURING RESTRICTIONS IMPOSED BY THE COVID-19 PANDEMIC. CASE STUDY: ROMANIANS LEAVE TO PICK ASPARAGUS IN GERMANY<\/strong> <br><\/a>Maria CR\u0102CIUN<br> Recived: 22.03.2020 <br>Accepted: 18.04.2020 &nbsp;<\/td><td>298-309<\/td><\/tr><tr><td><a href=\"http:\/\/www.sociologiecraiova.ro\/revista\/wp-content\/uploads\/2020\/06\/00.-FULL-VERSION-310-317.pdf\"><strong>THE CONSEQUENCES OF LEAVING PARENTS TO WORK ABROAD ON CHILDREN LEFT ALONE AT HOME<\/strong> <\/a><br>Andreea Maria DIN <br>Recived: 08.05.2020 <br>Accepted: 16.06.2020 &nbsp;<\/td><td>310-317<\/td><\/tr><tr><td><a href=\"http:\/\/www.sociologiecraiova.ro\/revista\/wp-content\/uploads\/2020\/06\/00.-FULL-VERSION-318-326.pdf\"><strong>A REALITY OF THE MIDDLE EAST AND ISIS<\/strong> <\/a><br>Costina SFINTE\u0218 <br>Recived: 18.04.2020 <br>Accepted: 21.05.2020 &nbsp;<\/td><td>318-326<\/td><\/tr><\/tbody><\/table><\/figure>\n","protected":false},"excerpt":{"rendered":"<p>FULL VERSION &nbsp; &nbsp; PP. DO RESIDENTIAL AREAS DISPLAY FORMS OF CONVIVIALITY? Matthieu GATEAU, Herv\u00e9 MARCHAL Recived: 12.03.202Accepted: 20.04.2020 &nbsp; 12-23 WORK ENVIRONMENT AND WORKPLACE DEVIANT BEHAVIOUR IN NIGERIAN PUBLIC HOSPITALS Deborah Shade ADEKEYE, Olumide Abraham AJAYI Recived: 18.02.2020 Accepted: 01.04.2020 &nbsp; 24-37 TRAUMATIC EXPERIENCE OF LOWER LIMB AMPUTATION DURING ADULTHOOD: A CLINICAL ANALYSIS OF &hellip; <a href=\"https:\/\/sociologiecraiova.ro\/revista\/revista-universitara-de-sociologie-no-1\/\" class=\"more-link\">Continue reading <span class=\"screen-reader-text\">REVISTA UNIVERSITARA DE SOCIOLOGIE NO. 1\/2020<\/span> <span class=\"meta-nav\">&rarr;<\/span><\/a><\/p>\n","protected":false},"author":1,"featured_media":0,"parent":0,"menu_order":0,"comment_status":"closed","ping_status":"closed","template":"","meta":{"_exactmetrics_skip_tracking":false,"_exactmetrics_sitenote_active":false,"_exactmetrics_sitenote_note":"","_exactmetrics_sitenote_category":0,"footnotes":""},"class_list":["post-618","page","type-page","status-publish","hentry"],"yoast_head":"<!-- This site is optimized with the Yoast SEO plugin v27.3 - https:\/\/yoast.com\/product\/yoast-seo-wordpress\/ -->\n<title>REVISTA UNIVERSITARA DE SOCIOLOGIE NO. 1\/2020 - Revista Universitar\u0103 de Sociologie<\/title>\n<meta name=\"robots\" content=\"index, follow, max-snippet:-1, max-image-preview:large, max-video-preview:-1\" \/>\n<link rel=\"canonical\" href=\"https:\/\/sociologiecraiova.ro\/revista\/revista-universitara-de-sociologie-no-1\/\" \/>\n<meta property=\"og:locale\" content=\"en_US\" \/>\n<meta property=\"og:type\" content=\"article\" \/>\n<meta property=\"og:title\" content=\"REVISTA UNIVERSITARA DE SOCIOLOGIE NO. 1\/2020 - Revista Universitar\u0103 de Sociologie\" \/>\n<meta property=\"og:description\" content=\"FULL VERSION &nbsp; &nbsp; PP. DO RESIDENTIAL AREAS DISPLAY FORMS OF CONVIVIALITY? Matthieu GATEAU, Herv\u00e9 MARCHAL Recived: 12.03.202Accepted: 20.04.2020 &nbsp; 12-23 WORK ENVIRONMENT AND WORKPLACE DEVIANT BEHAVIOUR IN NIGERIAN PUBLIC HOSPITALS Deborah Shade ADEKEYE, Olumide Abraham AJAYI Recived: 18.02.2020 Accepted: 01.04.2020 &nbsp; 24-37 TRAUMATIC EXPERIENCE OF LOWER LIMB AMPUTATION DURING ADULTHOOD: A CLINICAL ANALYSIS OF &hellip; Continue reading REVISTA UNIVERSITARA DE SOCIOLOGIE NO. 1\/2020 &rarr;\" \/>\n<meta property=\"og:url\" content=\"https:\/\/sociologiecraiova.ro\/revista\/revista-universitara-de-sociologie-no-1\/\" \/>\n<meta property=\"og:site_name\" content=\"Revista Universitar\u0103 de Sociologie\" \/>\n<meta property=\"article:modified_time\" content=\"2020-06-30T04:34:29+00:00\" \/>\n<meta name=\"twitter:card\" content=\"summary_large_image\" \/>\n<meta name=\"twitter:label1\" content=\"Est. reading time\" \/>\n\t<meta name=\"twitter:data1\" content=\"3 minutes\" \/>\n<script type=\"application\/ld+json\" class=\"yoast-schema-graph\">{\"@context\":\"https:\\\/\\\/schema.org\",\"@graph\":[{\"@type\":\"WebPage\",\"@id\":\"https:\\\/\\\/sociologiecraiova.ro\\\/revista\\\/revista-universitara-de-sociologie-no-1\\\/\",\"url\":\"https:\\\/\\\/sociologiecraiova.ro\\\/revista\\\/revista-universitara-de-sociologie-no-1\\\/\",\"name\":\"REVISTA UNIVERSITARA DE SOCIOLOGIE NO. 1\\\/2020 - Revista Universitar\u0103 de Sociologie\",\"isPartOf\":{\"@id\":\"https:\\\/\\\/sociologiecraiova.ro\\\/revista\\\/#website\"},\"datePublished\":\"2020-06-30T04:15:49+00:00\",\"dateModified\":\"2020-06-30T04:34:29+00:00\",\"breadcrumb\":{\"@id\":\"https:\\\/\\\/sociologiecraiova.ro\\\/revista\\\/revista-universitara-de-sociologie-no-1\\\/#breadcrumb\"},\"inLanguage\":\"en-US\",\"potentialAction\":[{\"@type\":\"ReadAction\",\"target\":[\"https:\\\/\\\/sociologiecraiova.ro\\\/revista\\\/revista-universitara-de-sociologie-no-1\\\/\"]}]},{\"@type\":\"BreadcrumbList\",\"@id\":\"https:\\\/\\\/sociologiecraiova.ro\\\/revista\\\/revista-universitara-de-sociologie-no-1\\\/#breadcrumb\",\"itemListElement\":[{\"@type\":\"ListItem\",\"position\":1,\"name\":\"Home\",\"item\":\"https:\\\/\\\/sociologiecraiova.ro\\\/revista\\\/\"},{\"@type\":\"ListItem\",\"position\":2,\"name\":\"REVISTA UNIVERSITARA DE SOCIOLOGIE NO. 1\\\/2020\"}]},{\"@type\":\"WebSite\",\"@id\":\"https:\\\/\\\/sociologiecraiova.ro\\\/revista\\\/#website\",\"url\":\"https:\\\/\\\/sociologiecraiova.ro\\\/revista\\\/\",\"name\":\"Revista Universitar\u0103 de Sociologie\",\"description\":\"\",\"potentialAction\":[{\"@type\":\"SearchAction\",\"target\":{\"@type\":\"EntryPoint\",\"urlTemplate\":\"https:\\\/\\\/sociologiecraiova.ro\\\/revista\\\/?s={search_term_string}\"},\"query-input\":{\"@type\":\"PropertyValueSpecification\",\"valueRequired\":true,\"valueName\":\"search_term_string\"}}],\"inLanguage\":\"en-US\"}]}<\/script>\n<!-- \/ Yoast SEO plugin. -->","yoast_head_json":{"title":"REVISTA UNIVERSITARA DE SOCIOLOGIE NO. 1\/2020 - Revista Universitar\u0103 de Sociologie","robots":{"index":"index","follow":"follow","max-snippet":"max-snippet:-1","max-image-preview":"max-image-preview:large","max-video-preview":"max-video-preview:-1"},"canonical":"https:\/\/sociologiecraiova.ro\/revista\/revista-universitara-de-sociologie-no-1\/","og_locale":"en_US","og_type":"article","og_title":"REVISTA UNIVERSITARA DE SOCIOLOGIE NO. 1\/2020 - Revista Universitar\u0103 de Sociologie","og_description":"FULL VERSION &nbsp; &nbsp; PP. DO RESIDENTIAL AREAS DISPLAY FORMS OF CONVIVIALITY? Matthieu GATEAU, Herv\u00e9 MARCHAL Recived: 12.03.202Accepted: 20.04.2020 &nbsp; 12-23 WORK ENVIRONMENT AND WORKPLACE DEVIANT BEHAVIOUR IN NIGERIAN PUBLIC HOSPITALS Deborah Shade ADEKEYE, Olumide Abraham AJAYI Recived: 18.02.2020 Accepted: 01.04.2020 &nbsp; 24-37 TRAUMATIC EXPERIENCE OF LOWER LIMB AMPUTATION DURING ADULTHOOD: A CLINICAL ANALYSIS OF &hellip; Continue reading REVISTA UNIVERSITARA DE SOCIOLOGIE NO. 1\/2020 &rarr;","og_url":"https:\/\/sociologiecraiova.ro\/revista\/revista-universitara-de-sociologie-no-1\/","og_site_name":"Revista Universitar\u0103 de Sociologie","article_modified_time":"2020-06-30T04:34:29+00:00","twitter_card":"summary_large_image","twitter_misc":{"Est. reading time":"3 minutes"},"schema":{"@context":"https:\/\/schema.org","@graph":[{"@type":"WebPage","@id":"https:\/\/sociologiecraiova.ro\/revista\/revista-universitara-de-sociologie-no-1\/","url":"https:\/\/sociologiecraiova.ro\/revista\/revista-universitara-de-sociologie-no-1\/","name":"REVISTA UNIVERSITARA DE SOCIOLOGIE NO. 1\/2020 - Revista Universitar\u0103 de Sociologie","isPartOf":{"@id":"https:\/\/sociologiecraiova.ro\/revista\/#website"},"datePublished":"2020-06-30T04:15:49+00:00","dateModified":"2020-06-30T04:34:29+00:00","breadcrumb":{"@id":"https:\/\/sociologiecraiova.ro\/revista\/revista-universitara-de-sociologie-no-1\/#breadcrumb"},"inLanguage":"en-US","potentialAction":[{"@type":"ReadAction","target":["https:\/\/sociologiecraiova.ro\/revista\/revista-universitara-de-sociologie-no-1\/"]}]},{"@type":"BreadcrumbList","@id":"https:\/\/sociologiecraiova.ro\/revista\/revista-universitara-de-sociologie-no-1\/#breadcrumb","itemListElement":[{"@type":"ListItem","position":1,"name":"Home","item":"https:\/\/sociologiecraiova.ro\/revista\/"},{"@type":"ListItem","position":2,"name":"REVISTA UNIVERSITARA DE SOCIOLOGIE NO. 1\/2020"}]},{"@type":"WebSite","@id":"https:\/\/sociologiecraiova.ro\/revista\/#website","url":"https:\/\/sociologiecraiova.ro\/revista\/","name":"Revista Universitar\u0103 de Sociologie","description":"","potentialAction":[{"@type":"SearchAction","target":{"@type":"EntryPoint","urlTemplate":"https:\/\/sociologiecraiova.ro\/revista\/?s={search_term_string}"},"query-input":{"@type":"PropertyValueSpecification","valueRequired":true,"valueName":"search_term_string"}}],"inLanguage":"en-US"}]}},"_links":{"self":[{"href":"https:\/\/sociologiecraiova.ro\/revista\/wp-json\/wp\/v2\/pages\/618","targetHints":{"allow":["GET"]}}],"collection":[{"href":"https:\/\/sociologiecraiova.ro\/revista\/wp-json\/wp\/v2\/pages"}],"about":[{"href":"https:\/\/sociologiecraiova.ro\/revista\/wp-json\/wp\/v2\/types\/page"}],"author":[{"embeddable":true,"href":"https:\/\/sociologiecraiova.ro\/revista\/wp-json\/wp\/v2\/users\/1"}],"replies":[{"embeddable":true,"href":"https:\/\/sociologiecraiova.ro\/revista\/wp-json\/wp\/v2\/comments?post=618"}],"version-history":[{"count":4,"href":"https:\/\/sociologiecraiova.ro\/revista\/wp-json\/wp\/v2\/pages\/618\/revisions"}],"predecessor-version":[{"id":628,"href":"https:\/\/sociologiecraiova.ro\/revista\/wp-json\/wp\/v2\/pages\/618\/revisions\/628"}],"wp:attachment":[{"href":"https:\/\/sociologiecraiova.ro\/revista\/wp-json\/wp\/v2\/media?parent=618"}],"curies":[{"name":"wp","href":"https:\/\/api.w.org\/{rel}","templated":true}]}}