{"id":398,"date":"2019-07-01T18:05:48","date_gmt":"2019-07-01T18:05:48","guid":{"rendered":"http:\/\/www.sociologiecraiova.ro\/revista\/?page_id=398"},"modified":"2020-05-07T17:44:46","modified_gmt":"2020-05-07T17:44:46","slug":"revista-universitara-de-sociologie-no-1-2019","status":"publish","type":"page","link":"https:\/\/sociologiecraiova.ro\/revista\/revista-universitara-de-sociologie-no-1-2019\/","title":{"rendered":"REVISTA UNIVERSITARA DE SOCIOLOGIE NO.1\/2019"},"content":{"rendered":"\n<figure class=\"wp-block-table\"><table><tbody><tr><td><a href=\"https:\/\/www.docdroid.net\/GJL7Rpg\/00-full-version-no-1-2019.pdf\"><strong>FULL VERSION<\/strong><\/a><\/td><td><\/td><\/tr><tr><td><\/td><td>PP.<\/td><\/tr><tr><td>1. <strong><a href=\"http:\/\/www.sociologiecraiova.ro\/revista\/wp-content\/uploads\/2019\/07\/01.-ALBERT-OGIEN-ORDINARY-CITIZENS\u2019-POLITICAL-COMPETENCE.pdf\">Ordinary Citizens\u2019 Political Competence<\/a><\/strong><a href=\"http:\/\/www.sociologiecraiova.ro\/revista\/wp-content\/uploads\/2019\/07\/01.-ALBERT-OGIEN-ORDINARY-CITIZENS\u2019-POLITICAL-COMPETENCE.pdf\">  <\/a> <br><strong>Albert OGIEN<\/strong> <br>(Ecole des Hautes Etudes en Sciences Sociales, Paris, <br>France)   <\/td><td>9-19<\/td><\/tr><tr><td>RECIVED: JANUARY 30 2019<br>ACCEPTED: FEBRUARY 26 2019<\/td><td><\/td><\/tr><tr><td> 2. <strong><a href=\"http:\/\/www.sociologiecraiova.ro\/revista\/wp-content\/uploads\/2019\/07\/02.-STRATOS-GEORGOULAS-REFUGEE-CRISIS-IN-LESBOS-AS-A-STATE-AND-A-STATE-CORPORATE-CRIME.pdf\">Refugee Crisis in Lesbos as a State and a State-Corporate Crime<\/a><\/strong><a href=\"http:\/\/www.sociologiecraiova.ro\/revista\/wp-content\/uploads\/2019\/07\/02.-STRATOS-GEORGOULAS-REFUGEE-CRISIS-IN-LESBOS-AS-A-STATE-AND-A-STATE-CORPORATE-CRIME.pdf\">   <\/a><br><strong>Stratos GEORGOULAS<\/strong> <br>(University of the Aegean, Greece)   <\/td><td>20-33<\/td><\/tr><tr><td>RECIVED: JANUARY 13 2019<br>ACCEPTED: FEBRUARY 21 2019<\/td><td><\/td><\/tr><tr><td>3. <a href=\"http:\/\/www.sociologiecraiova.ro\/revista\/wp-content\/uploads\/2019\/07\/03.-ALTIN-ZEFI-MEASURING-OUTPUT-POTENTIAL-AND-OUTPUT-GAP-OF-ALBANIA.pdf\"><strong>Measuring Output Potential and Output Gap of Albania   <\/strong><\/a><br><strong>Altin ZEFI<\/strong> <br>(European University of Tirana, Albania)   <\/td><td>34-41<\/td><\/tr><tr><td>RECIVED: MARCH 3 2019<br>ACCEPTED: APRIL 30 2019<\/td><td><\/td><\/tr><tr><td>4. <a href=\"http:\/\/www.sociologiecraiova.ro\/revista\/wp-content\/uploads\/2019\/07\/04.-HATEM-BENAZOUZ-CRIMINAL-ANTHROPOLOGY-AN-EPISTEMOLOGICAL-ESSAY-ON-REPRESENTATIONS-NAMING-AND-CONTEXT.pdf\"><strong>Criminal Anthropology: an  Epistemological Essay on <\/strong><\/a><br><a href=\"http:\/\/www.sociologiecraiova.ro\/revista\/wp-content\/uploads\/2019\/07\/04.-HATEM-BENAZOUZ-CRIMINAL-ANTHROPOLOGY-AN-EPISTEMOLOGICAL-ESSAY-ON-REPRESENTATIONS-NAMING-AND-CONTEXT.pdf\"><strong>Representations, Naming and Context   <\/strong><\/a><br><strong>Hatem BENAZOUZ<\/strong> <br>(University Larbi T\u00e9bessi, Algeria)   <\/td><td>42-47<\/td><\/tr><tr><td>RECIVED: JANUARY 18 2019<br>ACCEPTED: FEBRUARY 26 2019<\/td><td><\/td><\/tr><tr><td>5. <strong><a href=\"http:\/\/www.sociologiecraiova.ro\/revista\/wp-content\/uploads\/2019\/07\/05.-CESAR-GARC\u00cdA-ANDR\u00c9S-THE-DIFFICULT-TRANSITION-TO-UKRAINIAN-DEMOCRACY-FROM-INDEPENDENCE-UNTIL-THE-ADOPTION-OF-ITS-CONSTITUTION.pdf\">The Difficult Transition to Ukrainian Democracy from Independence until the Adoption of its Constitution<\/a><\/strong><a href=\"http:\/\/www.sociologiecraiova.ro\/revista\/wp-content\/uploads\/2019\/07\/05.-CESAR-GARC\u00cdA-ANDR\u00c9S-THE-DIFFICULT-TRANSITION-TO-UKRAINIAN-DEMOCRACY-FROM-INDEPENDENCE-UNTIL-THE-ADOPTION-OF-ITS-CONSTITUTION.pdf\">   <\/a><br><strong>C\u00e9sar GARC\u00cdA ANDR\u00c9S <\/strong><br>(Universidad de Valladolid, Spain)   <\/td><td>48-60<\/td><\/tr><tr><td>RECIVED: JANUARY 6 2019<br>ACCEPTED: FEBRUARY 18 2019<\/td><td><\/td><\/tr><tr><td>6. <a href=\"http:\/\/www.sociologiecraiova.ro\/revista\/wp-content\/uploads\/2019\/07\/06.-MARIA-PESCARU-ESTER-LUISA-NIETO-MORENO-DE-DIEZMAS-THE-DECISONAL-SYSTEM-FOR-THE-MANAGEMENT-OF-PREUNIVERSITARY-EDUCATION-INSTITUTIONS.pdf\"><strong>The Decisonal System for the Management of Preuniversitary Education Institutions   <\/strong><\/a><br><strong>Maria PESCARU<\/strong> <br>(University of Pite\u0219ti, Romania)   <br><strong>Ester Luisa NIETO MORENO DE DIEZMAS <\/strong><br>(University Castilla la Mancha, Spain)   <\/td><td>61-75<\/td><\/tr><tr><td>RECIVED: MARCH 12 2019<br>ACCEPTED: APRIL 21 2019<\/td><td><\/td><\/tr><tr><td>7. <a href=\"http:\/\/www.sociologiecraiova.ro\/revista\/wp-content\/uploads\/2019\/07\/07.-PABLO-ARCONADA-LEDESMA-AGAINST-THE-EMPEROR.-ANALYSIS-OF-THE-STUDENT-PROTESTS-EVOLUTION-DURING-THE-REIGN-OF-HAILE-SELASSIE-I-1960-1974.pdf\"><strong>Against the Emperor. Analysis of   the Student Protests Evolution <\/strong><\/a><br><a href=\"http:\/\/www.sociologiecraiova.ro\/revista\/wp-content\/uploads\/2019\/07\/07.-PABLO-ARCONADA-LEDESMA-AGAINST-THE-EMPEROR.-ANALYSIS-OF-THE-STUDENT-PROTESTS-EVOLUTION-DURING-THE-REIGN-OF-HAILE-SELASSIE-I-1960-1974.pdf\"><strong>during the Reign of Haile Selassie I   (1960-1974)   <\/strong><\/a><br><strong>Pablo Arconada LEDESMA<\/strong> <br>(Universidad de Valladolid, Spain)   <\/td><td>76-89<\/td><\/tr><tr><td>RECIVED: JANUARY 21 2019<br>ACCEPTED: MARCH 3 2019<\/td><td><\/td><\/tr><tr><td><strong>8<\/strong>. <strong><a href=\"http:\/\/www.sociologiecraiova.ro\/revista\/wp-content\/uploads\/2019\/07\/08.-As-Martadani-NOOR-Ravik-KARSIDI-Drajat-Tri-KARTONO-and-SUWARTO-THE-INSTITUTION-OF-CORPORATE-SOCIAL-RESPONSIBILITY-CSR-BASED-ON-COAL-MINING.pdf\">The Institution of Corporate Social Responsibility (CSR) Based on <\/a><\/strong> <a href=\"http:\/\/www.sociologiecraiova.ro\/revista\/wp-content\/uploads\/2019\/07\/08.-As-Martadani-NOOR-Ravik-KARSIDI-Drajat-Tri-KARTONO-and-SUWARTO-THE-INSTITUTION-OF-CORPORATE-SOCIAL-RESPONSIBILITY-CSR-BASED-ON-COAL-MINING.pdf\"><strong>Coal Mining Companies Stakeholder   <\/strong><\/a><br><strong>As Martadani NOOR, <\/strong><br><strong>Ravik KARSIDI, <\/strong><br><strong>Drajat Tri KARTONO, <\/strong><br><strong>SUWARTO <\/strong>  <br>(Sebelas  Maret University, Indonesia)   <\/td><td>90-99<\/td><\/tr><tr><td>RECIVED: FEBRUARY 13 2019<br>ACCEPTED: MARCH 21 2019<\/td><td><\/td><\/tr><tr><td>9. <a href=\"http:\/\/www.sociologiecraiova.ro\/revista\/wp-content\/uploads\/2019\/07\/09.-BOGDAN-ALEKSANDROV-REMEMBERING-FORSELF-PORTRAYAL.-FROM-POSTMODERN-ABSENCE-OF-CANON-TO-GENRE-AMBIVALENCE-AND-DECLINE.pdf\"><strong>Remembering Forself-Portrayal. From Postmodern Absence of Canon to Genre Ambivalence and Decline   <\/strong><\/a><br><strong>Bogdan ALEKSANDROV<\/strong> <br>(Art Museum \u201cNikola Petrov\u201d, Bulgaria)   <\/td><td>100-106<\/td><\/tr><tr><td>RECIVED: JANUARY 20 2019<br>ACCEPTED: MARCH 3 2019<\/td><td><\/td><\/tr><tr><td>10. <strong><a href=\"http:\/\/www.sociologiecraiova.ro\/revista\/wp-content\/uploads\/2019\/07\/10.-RADU-BALTASIU-THE-GEOPOLITICS-OF-REPRESENTATIONS-DEFINING-IS-RULING.STUDY-CASE-SOME-OF-A-NATION\u2019S-MAIN-LINES-OF-REPRESENTATION.pdf\">The Geopolitics of Representations: Defining is Ruling Study Case: Some of a Nation\u2019s Main Lines of Representation Abroad \u2013 Anton <\/a><\/strong><a href=\"http:\/\/www.sociologiecraiova.ro\/revista\/wp-content\/uploads\/2019\/07\/10.-RADU-BALTASIU-THE-GEOPOLITICS-OF-REPRESENTATIONS-DEFINING-IS-RULING.STUDY-CASE-SOME-OF-A-NATION\u2019S-MAIN-LINES-OF-REPRESENTATION.pdf\"><strong>Golopen\u021bia   <\/strong><\/a><br><strong>Radu BALTASIU<\/strong> <br>(University of Bucharest; Romanian Academy, Romania)   <\/td><td>107-120<\/td><\/tr><tr><td>RECIVED: MARCH 18 2019<br>ACCEPTED: APRIL 16 2019<\/td><td><\/td><td>&nbsp;<\/td><\/tr><tr><td>11. <a href=\"http:\/\/www.sociologiecraiova.ro\/revista\/wp-content\/uploads\/2019\/07\/11.-OANA-MARA-STAN-UNMAKING-MOTHERHOOD-ARGUMENTATIVE-EVIDENCE-FROM-ROMANIA-BASED-BLOGS-AND-MEDIA.pdf\"><strong>Unmaking Motherhood: Argumentative Evidence from <\/strong><\/a><br><a href=\"http:\/\/www.sociologiecraiova.ro\/revista\/wp-content\/uploads\/2019\/07\/11.-OANA-MARA-STAN-UNMAKING-MOTHERHOOD-ARGUMENTATIVE-EVIDENCE-FROM-ROMANIA-BASED-BLOGS-AND-MEDIA.pdf\"><strong>Romania-Based Blogs and Media   <\/strong><\/a><br><strong>Oana Mara STAN<\/strong> <br>(University of Bucharest, Romania)   <\/td><td>121-138<\/td><\/tr><tr><td>RECIVED: MARCH 2 2019<br>ACCEPTED: APRIL 21 2019<\/td><td><\/td><td>&nbsp;<\/td><\/tr><tr><td>12. <a href=\"http:\/\/www.sociologiecraiova.ro\/revista\/wp-content\/uploads\/2019\/07\/12.-ION-HIGHIDUS-FELICIA-ANDRIONI-INFLUENCE-OF-DIFFICULT-MINING-LABOUR-ON-THE-INCREASE-OF-ALCOHOL-CONSUMPTION.pdf\"><strong>Influence of Difficult Mining Labour on the Increase of Alcohol Consumption   <\/strong><\/a><br><strong>Ion HIRGHIDU\u015e, <\/strong><br><strong>Felicia ANDRIONI<\/strong> <br>(University of Petrosani, Romania)   <\/td><td>139-151<\/td><\/tr><tr><td>RECIVED: MARCH 2 2019<br>ACCEPTED: APRIL 21 2019<\/td><td><\/td><\/tr><tr><td>13. <strong><a href=\"http:\/\/www.sociologiecraiova.ro\/revista\/wp-content\/uploads\/2019\/07\/13.-SIMONA-RODAT-THE-FIRST-FEMALE-PRIME-MINISTER-OF-ROMANIA-IN-THE-FOCUS-OF-THE-NEWS-FRAMES-IN-THE-NATIONAL-MEDIA-COVERAGE.pdf\">The First Female Prime Minister of  Romania in the Focus of the <\/a><\/strong> <a href=\"http:\/\/www.sociologiecraiova.ro\/revista\/wp-content\/uploads\/2019\/07\/13.-SIMONA-RODAT-THE-FIRST-FEMALE-PRIME-MINISTER-OF-ROMANIA-IN-THE-FOCUS-OF-THE-NEWS-FRAMES-IN-THE-NATIONAL-MEDIA-COVERAGE.pdf\"><strong>News: Frames in the National Media Coverage<\/strong><\/a><strong>    <\/strong><br><strong>Simona RODAT <br><\/strong>(Adventus University, Romania)   <\/td><td>152-169<\/td><\/tr><tr><td>RECIVED: JANUARY 18 2019<br>ACCEPTED: MARCH 2 2019<\/td><td><\/td><\/tr><tr><td>14. <b><i><a href=\"http:\/\/www.sociologiecraiova.ro\/revista\/wp-content\/uploads\/2019\/07\/14.-MIHAIL-UNGHEANU-JACQUES-ELLUL.-A-NOOLOGICAL-SOCIOLOGY-OF-MODERNITY.-SHORT-OVERVIEW.pdf\"><strong>Jacques Ellul. A Noological Sociology of Modernity. Short Overview<\/strong><\/a><\/i><\/b><a href=\"http:\/\/www.sociologiecraiova.ro\/revista\/wp-content\/uploads\/2019\/07\/14.-MIHAIL-UNGHEANU-JACQUES-ELLUL.-A-NOOLOGICAL-SOCIOLOGY-OF-MODERNITY.-SHORT-OVERVIEW.pdf\"><strong>  <\/strong><\/a> <br><strong>Mihail UNGHEANU<\/strong><br>(European Center for Studies in Ethnic (CESPE), Romanian Academy, Romania)   <\/td><td>170-179<\/td><\/tr><tr><td>RECIVED: FEBRUARY 20 2019<br>ACCEPTED: MARCH 30 2019<\/td><td><\/td><\/tr><tr><td>15. <strong><a href=\"http:\/\/www.sociologiecraiova.ro\/revista\/wp-content\/uploads\/2019\/07\/15.-LILIANA-GABRIELA-ILIE-HUMANISTIC-SOCIAL-SCIENCES-A-POSSIBLE-SOLUTION-TO-THE-IDENTITY-CRISIS-OF-THE-CONTEMPORARY-SOCIAL-SPACE.pdf\">Humanist-Social Sciences \u2013 A Possible Solution to the Identity <\/a><\/strong> <strong><a href=\"http:\/\/www.sociologiecraiova.ro\/revista\/wp-content\/uploads\/2019\/07\/15.-LILIANA-GABRIELA-ILIE-HUMANISTIC-SOCIAL-SCIENCES-A-POSSIBLE-SOLUTION-TO-THE-IDENTITY-CRISIS-OF-THE-CONTEMPORARY-SOCIAL-SPACE.pdf\">Crisis of the Contemporary Social Space<\/a><\/strong><a href=\"http:\/\/www.sociologiecraiova.ro\/revista\/wp-content\/uploads\/2019\/07\/15.-LILIANA-GABRIELA-ILIE-HUMANISTIC-SOCIAL-SCIENCES-A-POSSIBLE-SOLUTION-TO-THE-IDENTITY-CRISIS-OF-THE-CONTEMPORARY-SOCIAL-SPACE.pdf\">   <\/a><br><strong>Liliana Gabriela ILIE<br><\/strong>(&#8220;Al. I. Cuza&#8221; University of Ia\u0219i, Romania)   <\/td><td>180-186<\/td><\/tr><tr><td>RECIVED: APRIL 2 2019<br>ACCEPTED: MAY 12 2019<\/td><td><\/td><\/tr><tr><td>16. <b><i><a href=\"http:\/\/www.sociologiecraiova.ro\/revista\/wp-content\/uploads\/2019\/07\/16.-MIHAELA-LUMINITA-SANDU-MARIA-PESCARU-THE-EFFECTS-OF-COMPUTER-GAMES-ON-ADOLESCENT-PERSONALITY.pdf\"><strong>The Effects of Computer Games on Adolescent Personality<\/strong><\/a><\/i><\/b><a href=\"http:\/\/www.sociologiecraiova.ro\/revista\/wp-content\/uploads\/2019\/07\/16.-MIHAELA-LUMINITA-SANDU-MARIA-PESCARU-THE-EFFECTS-OF-COMPUTER-GAMES-ON-ADOLESCENT-PERSONALITY.pdf\">   <\/a><br><strong>Lumini\u021ba SANDU<\/strong> (Ovidius University of Constan\u021ba, Romania)   <br><strong>Maria PESCARU<\/strong> (University of   Pite\u0219ti, Romania)   <\/td><td>187-201<\/td><\/tr><tr><td> RECIVED: JANUARY 14 2019<br>ACCEPTED: FEBRUARY 25 2019<\/td><td><\/td><\/tr><tr><td>17. <strong><a href=\"http:\/\/www.sociologiecraiova.ro\/revista\/wp-content\/uploads\/2019\/07\/17.-DOINA-GAVRILOV-COMPETITION-POLICY-AND-ITS-IMPACT-ON-SOCIETY.pdf\">Competition Policy and its Impact on Society<\/a><\/strong><a href=\"http:\/\/www.sociologiecraiova.ro\/revista\/wp-content\/uploads\/2019\/07\/17.-DOINA-GAVRILOV-COMPETITION-POLICY-AND-ITS-IMPACT-ON-SOCIETY.pdf\">   <\/a><br><strong>Doina GAVRILOV <br><\/strong>(National School of  Political and Administrative Studies (SNSPA), Romania)   <\/td><td>202-214<\/td><\/tr><tr><td>RECIVED: FEBRUARY 17 2019<br>ACCEPTED: MARCH 21 2019<\/td><td><\/td><\/tr><tr><td>18. <b><i><a href=\"http:\/\/www.sociologiecraiova.ro\/revista\/wp-content\/uploads\/2019\/07\/18.-CLAUDIA-SALCEANU-EMOTIONAL-DISTRESS-ANXIETY-AND-SOCIOECONOMIC-STATUS-IN-ADOLESCENCE.pdf\"><strong>Emotional Distress, Anxiety and Socioeconomic Status in Adolescence<\/strong><\/a><\/i><\/b><a href=\"http:\/\/www.sociologiecraiova.ro\/revista\/wp-content\/uploads\/2019\/07\/18.-CLAUDIA-SALCEANU-EMOTIONAL-DISTRESS-ANXIETY-AND-SOCIOECONOMIC-STATUS-IN-ADOLESCENCE.pdf\"><strong>   <\/strong><\/a><br><strong>Claudia S\u0102LCEANU<\/strong> <br>(Ovidius University of Constan\u021ba, Romania)   <\/td><td>215-224<\/td><\/tr><tr><td>RECIVED: FEBRUARY 6 2019<br>ACCEPTED: MARCH 26 2019<\/td><td><\/td><\/tr><tr><td>19, <strong><a href=\"http:\/\/www.sociologiecraiova.ro\/revista\/wp-content\/uploads\/2019\/07\/19.-ADRIAN-NICOLESCU-MANIFESTATION-OF-CORRUPTION-IN-THE-EDUCATIONAL-SYSTEM.pdf\">Manifestation of Corruption in the Educational System<\/a><\/strong><a href=\"http:\/\/www.sociologiecraiova.ro\/revista\/wp-content\/uploads\/2019\/07\/19.-ADRIAN-NICOLESCU-MANIFESTATION-OF-CORRUPTION-IN-THE-EDUCATIONAL-SYSTEM.pdf\">   <\/a><br><strong>Adrian NICOLESCU <\/strong><br>(University of Craiova, Romania)   <\/td><td>225-232<\/td><\/tr><tr><td>RECIVED: JANUARY 29 2019<br>ACCEPTED: FEBRUARY 27 2019<\/td><td><\/td><\/tr><tr><td>20. <strong><a href=\"http:\/\/www.sociologiecraiova.ro\/revista\/wp-content\/uploads\/2019\/07\/20.-DECEBAL-MARIUS-FLOROAICA-SOCIAL-POLICIES-PLANNING-AND-REGIONAL-DEVELOPMENT-IN-SERBIA.pdf\">Social Policies Planning and Regional Development in Serbia<\/a><\/strong><a href=\"http:\/\/www.sociologiecraiova.ro\/revista\/wp-content\/uploads\/2019\/07\/20.-DECEBAL-MARIUS-FLOROAICA-SOCIAL-POLICIES-PLANNING-AND-REGIONAL-DEVELOPMENT-IN-SERBIA.pdf\"> <\/a>  <br><strong>Decebal-Marius FLOROAICA   <br><\/strong>(University of Craiova, Romania)   <\/td><td>233-239<\/td><\/tr><tr><td>RECIVED: MARCH 11 2019<br>ACCEPTED: MAY 3 2019<\/td><td> <\/td><\/tr><tr><td>21. <strong><a href=\"http:\/\/www.sociologiecraiova.ro\/revista\/wp-content\/uploads\/2019\/07\/21.-RODICA-EMILIA-CIUCA-THE-BULLYING-PHENOMENON-IN-ROMANIAN-SCHOOLS.pdf\">The Bullying Phenomenon in Romanian Schools<\/a><\/strong><a href=\"http:\/\/www.sociologiecraiova.ro\/revista\/wp-content\/uploads\/2019\/07\/21.-RODICA-EMILIA-CIUCA-THE-BULLYING-PHENOMENON-IN-ROMANIAN-SCHOOLS.pdf\">   <\/a><br><strong>Rodica Emilia CIUC\u0102 <br><\/strong>(University of Craiova, Romania)   <\/td><td>240-250<\/td><\/tr><tr><td>RECIVED: JANUARY 20 2019<br>ACCEPTED: MARCH 8 2019<\/td><td><\/td><\/tr><tr><td>22.<a href=\"http:\/\/www.sociologiecraiova.ro\/revista\/wp-content\/uploads\/2019\/07\/22.-VALTER-ALEXANDRU-JIANU-PROSPECTS-OF-IMMIGRATION-IN-ROMANIA.pdf\"> <\/a><b><i><a href=\"http:\/\/www.sociologiecraiova.ro\/revista\/wp-content\/uploads\/2019\/07\/22.-VALTER-ALEXANDRU-JIANU-PROSPECTS-OF-IMMIGRATION-IN-ROMANIA.pdf\"><strong>Prospects of Immigration in Romania<\/strong><\/a><\/i><\/b><a href=\"http:\/\/www.sociologiecraiova.ro\/revista\/wp-content\/uploads\/2019\/07\/22.-VALTER-ALEXANDRU-JIANU-PROSPECTS-OF-IMMIGRATION-IN-ROMANIA.pdf\"><strong>   <\/strong><\/a><br><strong>Valter Alexandru JIANU <br><\/strong>(University of Craiova, Romania)   <\/td><td>251-261<\/td><\/tr><tr><td>RECIVED: MARCH 17 2019<br>ACCEPTED: APRIL 29 2019<\/td><td><\/td><\/tr><tr><td>23. <b><i><strong><a href=\"http:\/\/www.sociologiecraiova.ro\/revista\/wp-content\/uploads\/2019\/07\/23.-COSMIN-MIHAI-PRICINA-PROCEDURAL-GUARANTEES-CONCERNING-THE-RESPECT-OF-THE-CHILD\u2019S-BEST-INTEREST.pdf\">Procedural Guarantees Concerning the Respect of the Child\u2019s <\/a><\/strong><\/i><\/b><a href=\"http:\/\/www.sociologiecraiova.ro\/revista\/wp-content\/uploads\/2019\/07\/23.-COSMIN-MIHAI-PRICINA-PROCEDURAL-GUARANTEES-CONCERNING-THE-RESPECT-OF-THE-CHILD\u2019S-BEST-INTEREST.pdf\"><strong> <\/strong><\/a><b><i><a href=\"http:\/\/www.sociologiecraiova.ro\/revista\/wp-content\/uploads\/2019\/07\/23.-COSMIN-MIHAI-PRICINA-PROCEDURAL-GUARANTEES-CONCERNING-THE-RESPECT-OF-THE-CHILD\u2019S-BEST-INTEREST.pdf\"><strong>Best Interest<\/strong><\/a><\/i><\/b><a href=\"http:\/\/www.sociologiecraiova.ro\/revista\/wp-content\/uploads\/2019\/07\/23.-COSMIN-MIHAI-PRICINA-PROCEDURAL-GUARANTEES-CONCERNING-THE-RESPECT-OF-THE-CHILD\u2019S-BEST-INTEREST.pdf\"><strong>   <\/strong><\/a><br><strong>Cosmin Mihai PRICIN\u0102 <br><\/strong>(University of Craiova, Romania)   <\/td><td>262-270<\/td><\/tr><tr><td>RECIVED: JANUARY 4 2019<br>ACCEPTED: FEBRUARY 17 2019<\/td><td><\/td><\/tr><tr><td>24. <b><i><a href=\"http:\/\/www.sociologiecraiova.ro\/revista\/wp-content\/uploads\/2019\/07\/24.-MIHAELA-LEONTINA-DRAGU-DEINSTITUTIONALIZATION-OF-YOUTH-UNDER-INSTITUTIONAL-CARE-TRANSITION-FROM-INSTITUTIONAL-CARE-TO-INDEPENDENT-LIFE.pdf \"><strong>Deinstitutionalization of Youth under Institutional Care: <\/strong><\/a><\/i><\/b><a href=\"http:\/\/www.sociologiecraiova.ro\/revista\/wp-content\/uploads\/2019\/07\/24.-MIHAELA-LEONTINA-DRAGU-DEINSTITUTIONALIZATION-OF-YOUTH-UNDER-INSTITUTIONAL-CARE-TRANSITION-FROM-INSTITUTIONAL-CARE-TO-INDEPENDENT-LIFE.pdf \"><strong><br><\/strong><\/a><b><i><a href=\"http:\/\/www.sociologiecraiova.ro\/revista\/wp-content\/uploads\/2019\/07\/24.-MIHAELA-LEONTINA-DRAGU-DEINSTITUTIONALIZATION-OF-YOUTH-UNDER-INSTITUTIONAL-CARE-TRANSITION-FROM-INSTITUTIONAL-CARE-TO-INDEPENDENT-LIFE.pdf \"><strong>Transition from Institutional Care to Independent Life<\/strong><\/a><\/i><\/b><a href=\"http:\/\/www.sociologiecraiova.ro\/revista\/wp-content\/uploads\/2019\/07\/24.-MIHAELA-LEONTINA-DRAGU-DEINSTITUTIONALIZATION-OF-YOUTH-UNDER-INSTITUTIONAL-CARE-TRANSITION-FROM-INSTITUTIONAL-CARE-TO-INDEPENDENT-LIFE.pdf \"><strong> <\/strong><\/a><strong>  <\/strong><br><strong>Leontina Mihaela DRAGU <br><\/strong>(University of Craiova, Romania)   <\/td><td>271-281<\/td><\/tr><tr><td>RECIVED: MARCH 11 2019<br>ACCEPTED: APRIL 22 2019<\/td><td><\/td><\/tr><\/tbody><\/table><\/figure>\n","protected":false},"excerpt":{"rendered":"<p>FULL VERSION PP. 1. Ordinary Citizens\u2019 Political Competence Albert OGIEN (Ecole des Hautes Etudes en Sciences Sociales, Paris, France) 9-19 RECIVED: JANUARY 30 2019ACCEPTED: FEBRUARY 26 2019 2. Refugee Crisis in Lesbos as a State and a State-Corporate Crime Stratos GEORGOULAS (University of the Aegean, Greece) 20-33 RECIVED: JANUARY 13 2019ACCEPTED: FEBRUARY 21 2019 3. &hellip; <a href=\"https:\/\/sociologiecraiova.ro\/revista\/revista-universitara-de-sociologie-no-1-2019\/\" class=\"more-link\">Continue reading <span class=\"screen-reader-text\">REVISTA UNIVERSITARA DE SOCIOLOGIE NO.1\/2019<\/span> <span class=\"meta-nav\">&rarr;<\/span><\/a><\/p>\n","protected":false},"author":1,"featured_media":0,"parent":0,"menu_order":0,"comment_status":"closed","ping_status":"closed","template":"","meta":{"_exactmetrics_skip_tracking":false,"_exactmetrics_sitenote_active":false,"_exactmetrics_sitenote_note":"","_exactmetrics_sitenote_category":0,"footnotes":""},"class_list":["post-398","page","type-page","status-publish","hentry"],"yoast_head":"<!-- This site is optimized with the Yoast SEO plugin v27.3 - https:\/\/yoast.com\/product\/yoast-seo-wordpress\/ -->\n<title>REVISTA UNIVERSITARA DE SOCIOLOGIE NO.1\/2019 - Revista Universitar\u0103 de Sociologie<\/title>\n<meta name=\"robots\" content=\"index, follow, max-snippet:-1, max-image-preview:large, max-video-preview:-1\" \/>\n<link rel=\"canonical\" href=\"https:\/\/sociologiecraiova.ro\/revista\/revista-universitara-de-sociologie-no-1-2019\/\" \/>\n<meta property=\"og:locale\" content=\"en_US\" \/>\n<meta property=\"og:type\" content=\"article\" \/>\n<meta property=\"og:title\" content=\"REVISTA UNIVERSITARA DE SOCIOLOGIE NO.1\/2019 - Revista Universitar\u0103 de Sociologie\" \/>\n<meta property=\"og:description\" content=\"FULL VERSION PP. 1. Ordinary Citizens\u2019 Political Competence Albert OGIEN (Ecole des Hautes Etudes en Sciences Sociales, Paris, France) 9-19 RECIVED: JANUARY 30 2019ACCEPTED: FEBRUARY 26 2019 2. Refugee Crisis in Lesbos as a State and a State-Corporate Crime Stratos GEORGOULAS (University of the Aegean, Greece) 20-33 RECIVED: JANUARY 13 2019ACCEPTED: FEBRUARY 21 2019 3. &hellip; Continue reading REVISTA UNIVERSITARA DE SOCIOLOGIE NO.1\/2019 &rarr;\" \/>\n<meta property=\"og:url\" content=\"https:\/\/sociologiecraiova.ro\/revista\/revista-universitara-de-sociologie-no-1-2019\/\" \/>\n<meta property=\"og:site_name\" content=\"Revista Universitar\u0103 de Sociologie\" \/>\n<meta property=\"article:modified_time\" content=\"2020-05-07T17:44:46+00:00\" \/>\n<meta name=\"twitter:card\" content=\"summary_large_image\" \/>\n<meta name=\"twitter:label1\" content=\"Est. reading time\" \/>\n\t<meta name=\"twitter:data1\" content=\"3 minutes\" \/>\n<script type=\"application\/ld+json\" class=\"yoast-schema-graph\">{\"@context\":\"https:\\\/\\\/schema.org\",\"@graph\":[{\"@type\":\"WebPage\",\"@id\":\"https:\\\/\\\/sociologiecraiova.ro\\\/revista\\\/revista-universitara-de-sociologie-no-1-2019\\\/\",\"url\":\"https:\\\/\\\/sociologiecraiova.ro\\\/revista\\\/revista-universitara-de-sociologie-no-1-2019\\\/\",\"name\":\"REVISTA UNIVERSITARA DE SOCIOLOGIE NO.1\\\/2019 - Revista Universitar\u0103 de Sociologie\",\"isPartOf\":{\"@id\":\"https:\\\/\\\/sociologiecraiova.ro\\\/revista\\\/#website\"},\"datePublished\":\"2019-07-01T18:05:48+00:00\",\"dateModified\":\"2020-05-07T17:44:46+00:00\",\"breadcrumb\":{\"@id\":\"https:\\\/\\\/sociologiecraiova.ro\\\/revista\\\/revista-universitara-de-sociologie-no-1-2019\\\/#breadcrumb\"},\"inLanguage\":\"en-US\",\"potentialAction\":[{\"@type\":\"ReadAction\",\"target\":[\"https:\\\/\\\/sociologiecraiova.ro\\\/revista\\\/revista-universitara-de-sociologie-no-1-2019\\\/\"]}]},{\"@type\":\"BreadcrumbList\",\"@id\":\"https:\\\/\\\/sociologiecraiova.ro\\\/revista\\\/revista-universitara-de-sociologie-no-1-2019\\\/#breadcrumb\",\"itemListElement\":[{\"@type\":\"ListItem\",\"position\":1,\"name\":\"Home\",\"item\":\"https:\\\/\\\/sociologiecraiova.ro\\\/revista\\\/\"},{\"@type\":\"ListItem\",\"position\":2,\"name\":\"REVISTA UNIVERSITARA DE SOCIOLOGIE NO.1\\\/2019\"}]},{\"@type\":\"WebSite\",\"@id\":\"https:\\\/\\\/sociologiecraiova.ro\\\/revista\\\/#website\",\"url\":\"https:\\\/\\\/sociologiecraiova.ro\\\/revista\\\/\",\"name\":\"Revista Universitar\u0103 de Sociologie\",\"description\":\"\",\"potentialAction\":[{\"@type\":\"SearchAction\",\"target\":{\"@type\":\"EntryPoint\",\"urlTemplate\":\"https:\\\/\\\/sociologiecraiova.ro\\\/revista\\\/?s={search_term_string}\"},\"query-input\":{\"@type\":\"PropertyValueSpecification\",\"valueRequired\":true,\"valueName\":\"search_term_string\"}}],\"inLanguage\":\"en-US\"}]}<\/script>\n<!-- \/ Yoast SEO plugin. -->","yoast_head_json":{"title":"REVISTA UNIVERSITARA DE SOCIOLOGIE NO.1\/2019 - Revista Universitar\u0103 de Sociologie","robots":{"index":"index","follow":"follow","max-snippet":"max-snippet:-1","max-image-preview":"max-image-preview:large","max-video-preview":"max-video-preview:-1"},"canonical":"https:\/\/sociologiecraiova.ro\/revista\/revista-universitara-de-sociologie-no-1-2019\/","og_locale":"en_US","og_type":"article","og_title":"REVISTA UNIVERSITARA DE SOCIOLOGIE NO.1\/2019 - Revista Universitar\u0103 de Sociologie","og_description":"FULL VERSION PP. 1. Ordinary Citizens\u2019 Political Competence Albert OGIEN (Ecole des Hautes Etudes en Sciences Sociales, Paris, France) 9-19 RECIVED: JANUARY 30 2019ACCEPTED: FEBRUARY 26 2019 2. Refugee Crisis in Lesbos as a State and a State-Corporate Crime Stratos GEORGOULAS (University of the Aegean, Greece) 20-33 RECIVED: JANUARY 13 2019ACCEPTED: FEBRUARY 21 2019 3. &hellip; Continue reading REVISTA UNIVERSITARA DE SOCIOLOGIE NO.1\/2019 &rarr;","og_url":"https:\/\/sociologiecraiova.ro\/revista\/revista-universitara-de-sociologie-no-1-2019\/","og_site_name":"Revista Universitar\u0103 de Sociologie","article_modified_time":"2020-05-07T17:44:46+00:00","twitter_card":"summary_large_image","twitter_misc":{"Est. reading time":"3 minutes"},"schema":{"@context":"https:\/\/schema.org","@graph":[{"@type":"WebPage","@id":"https:\/\/sociologiecraiova.ro\/revista\/revista-universitara-de-sociologie-no-1-2019\/","url":"https:\/\/sociologiecraiova.ro\/revista\/revista-universitara-de-sociologie-no-1-2019\/","name":"REVISTA UNIVERSITARA DE SOCIOLOGIE NO.1\/2019 - Revista Universitar\u0103 de Sociologie","isPartOf":{"@id":"https:\/\/sociologiecraiova.ro\/revista\/#website"},"datePublished":"2019-07-01T18:05:48+00:00","dateModified":"2020-05-07T17:44:46+00:00","breadcrumb":{"@id":"https:\/\/sociologiecraiova.ro\/revista\/revista-universitara-de-sociologie-no-1-2019\/#breadcrumb"},"inLanguage":"en-US","potentialAction":[{"@type":"ReadAction","target":["https:\/\/sociologiecraiova.ro\/revista\/revista-universitara-de-sociologie-no-1-2019\/"]}]},{"@type":"BreadcrumbList","@id":"https:\/\/sociologiecraiova.ro\/revista\/revista-universitara-de-sociologie-no-1-2019\/#breadcrumb","itemListElement":[{"@type":"ListItem","position":1,"name":"Home","item":"https:\/\/sociologiecraiova.ro\/revista\/"},{"@type":"ListItem","position":2,"name":"REVISTA UNIVERSITARA DE SOCIOLOGIE NO.1\/2019"}]},{"@type":"WebSite","@id":"https:\/\/sociologiecraiova.ro\/revista\/#website","url":"https:\/\/sociologiecraiova.ro\/revista\/","name":"Revista Universitar\u0103 de Sociologie","description":"","potentialAction":[{"@type":"SearchAction","target":{"@type":"EntryPoint","urlTemplate":"https:\/\/sociologiecraiova.ro\/revista\/?s={search_term_string}"},"query-input":{"@type":"PropertyValueSpecification","valueRequired":true,"valueName":"search_term_string"}}],"inLanguage":"en-US"}]}},"_links":{"self":[{"href":"https:\/\/sociologiecraiova.ro\/revista\/wp-json\/wp\/v2\/pages\/398","targetHints":{"allow":["GET"]}}],"collection":[{"href":"https:\/\/sociologiecraiova.ro\/revista\/wp-json\/wp\/v2\/pages"}],"about":[{"href":"https:\/\/sociologiecraiova.ro\/revista\/wp-json\/wp\/v2\/types\/page"}],"author":[{"embeddable":true,"href":"https:\/\/sociologiecraiova.ro\/revista\/wp-json\/wp\/v2\/users\/1"}],"replies":[{"embeddable":true,"href":"https:\/\/sociologiecraiova.ro\/revista\/wp-json\/wp\/v2\/comments?post=398"}],"version-history":[{"count":8,"href":"https:\/\/sociologiecraiova.ro\/revista\/wp-json\/wp\/v2\/pages\/398\/revisions"}],"predecessor-version":[{"id":582,"href":"https:\/\/sociologiecraiova.ro\/revista\/wp-json\/wp\/v2\/pages\/398\/revisions\/582"}],"wp:attachment":[{"href":"https:\/\/sociologiecraiova.ro\/revista\/wp-json\/wp\/v2\/media?parent=398"}],"curies":[{"name":"wp","href":"https:\/\/api.w.org\/{rel}","templated":true}]}}