{"id":151,"date":"2018-07-12T18:03:42","date_gmt":"2018-07-12T18:03:42","guid":{"rendered":"http:\/\/www.sociologiecraiova.ro\/revista\/?page_id=151"},"modified":"2018-07-16T08:44:28","modified_gmt":"2018-07-16T08:44:28","slug":"revista-universitara-de-sociologie-no-1-2018","status":"publish","type":"page","link":"https:\/\/sociologiecraiova.ro\/revista\/revista-universitara-de-sociologie-no-1-2018\/","title":{"rendered":"REVISTA UNIVERSITARA DE SOCIOLOGIE NO.1\/2018"},"content":{"rendered":"<p class=\"MsoNormal\"><strong>REVISTA UNIVERSITAR\u0102 DE SOCIOLOGIE NO.1\/2018 (FULL VERSION)<\/strong><\/p>\n<p><a href=\"http:\/\/www.sociologiecraiova.ro\/revista\/wp-content\/uploads\/2018\/07\/0.-REVISTA-UNIVERSITAR\u0102-DE-SOCIOLOGIE-NO.1-2018-FULL-VERSION-2.pdf\">DOWNLOAD PDF<\/a><\/p>\n<p class=\"MsoNormal\"><strong>1. \u0218TEFAN BUZ\u0102RNESCU; LILIANA GABRIELA ILIE, SOCIALIST MARKET ECONOMY &#8211; CHINA IN THE FACE OF HISTORY: IDEOLOGICAL STEREOTYPES, PRAXEOLOGICAL CLICHES, HISTORICAL INERTIA (PP. 8-25)<\/strong><\/p>\n<p>RECIVED: JANUARY 20 2018<\/p>\n<p>ACCEPTED: FEBRUARY 12 2018<\/p>\n<p class=\"MsoNormal\"><a href=\"http:\/\/www.sociologiecraiova.ro\/revista\/wp-content\/uploads\/2018\/07\/1.-\u0218TEFAN-BUZ\u0102RNESCU-LILIANA-GABRIELA-ILIE-SOCIALIST-MARKET-ECONOMY-CHINA-IN-THE-FACE-OF-HISTORY-IDEOLOGICAL-STEREOTYPES-PRAXEOLOGICAL-CLICHES-HISTORICA.pdf\"><span lang=\"EN-US\" style=\"mso-ansi-language: EN-US;\">\u00a0DOWNLOAD PDF<\/span><\/a><\/p>\n<p class=\"MsoNormal\"><strong>2. MIHAELA LUMINI\u021aA SANDU; KRISTIVE VIORICA ISPAS, FAMILY INFLUENCE IN THE PHENOMENON OF JUVENILE DELINQUENCY (PP. 26-36)<\/strong><\/p>\n<p>RECIVED: JUNE 11 2018<\/p>\n<p>ACCEPTED: JULY 6 2018<\/p>\n<p><a href=\"http:\/\/www.sociologiecraiova.ro\/revista\/wp-content\/uploads\/2018\/07\/2.-MIHAELA-LUMINI\u021aA-SANDU-KRISTIVE-VIORICA-ISPAS-FAMILY-INFLUENCE-IN-THE-PHENOMENON-OF-JUVENILE-DELINQUENCY-PP.-26-36.pdf\">DOWNLOAD PDF<\/a><\/p>\n<p class=\"MsoNormal\"><strong>3. ALPHONSE ZOZIME TAMEKAMTA, AFRICA IN QUEST OF STABILITY? REFLECTIONS INSPIRED BY THE CURRENT PROBLEMS OF HUMANITY (PP. 37-49)<\/strong><\/p>\n<p>RECIVED: JUNE 20 2018<\/p>\n<p>ACCEPTED: JULY 3 2018<\/p>\n<p><a href=\"http:\/\/www.sociologiecraiova.ro\/revista\/wp-content\/uploads\/2018\/07\/3.-ALPHONSE-ZOZIME-TAMEKAMTA-AFRICA-IN-QUEST-OF-STABILITY-REFLECTIONS-INSPIRED-BY-THE-CURRENT-PROBLEMS-OF-HUMANITY-PP.-37-49.pdf\">DOWNLOAD PDF<\/a><\/p>\n<p class=\"MsoNormal\"><strong>4. NASIM BASIRI, COMPULSORY VEIL IN IRAN: A SOCIAL JUSTICE PROBLEM (PP. 50-58)<\/strong><\/p>\n<p>RECIVED: JUNE 17 2018<\/p>\n<p>ACCEPTED: JULY 8 2018<\/p>\n<p class=\"MsoNormal\"><a href=\"http:\/\/www.sociologiecraiova.ro\/revista\/wp-content\/uploads\/2018\/07\/4.-NASIM-BASIRI-COMPULSORY-VEIL-IN-IRAN-A-SOCIAL-JUSTICE-PROBLEM-PP.-50-58-1.pdf\">DOWNLOAD PDF<\/a><\/p>\n<p class=\"MsoNormal\"><strong>5. MIHAELA LUMINI\u021aA SANDU; MARIA PESCARU, THE CATHARTIC FUNCTION OF COMMUNICATION (PP. 59-71)<\/strong><\/p>\n<p>RECIVED: JUNE 19 2018<\/p>\n<p>ACCEPTED: JULY 5 2018<\/p>\n<p><a href=\"http:\/\/www.sociologiecraiova.ro\/revista\/wp-content\/uploads\/2018\/07\/5.-MIHAELA-LUMINI\u021aA-SANDU-MARIA-PESCARU-THE-CATHARTIC-FUNCTION-OF-COMMUNICATION-PP.-59-71-1.pdf\">DOWNLOAD PDF<\/a><\/p>\n<p class=\"MsoNormal\"><strong>6. MARIA CR\u0102CIUN, EMIGRATION FROM THE ROMANIAN VILLAGE &#8211; THE EFFECT OF THE DISORGANIZATION OF THE TRADITIONAL SCHEMES (PP. 72-81)<\/strong><\/p>\n<p>RECIVED: JUNE 17 2018<\/p>\n<p>ACCEPTED: JULY 5 2018<\/p>\n<p><a href=\"http:\/\/www.sociologiecraiova.ro\/revista\/wp-content\/uploads\/2018\/07\/6.-MARIA-CR\u0102CIUN-EMIGRATION-FROM-THE-ROMANIAN-VILLAGE-THE-EFFECT-OF-THE-DISORGANIZATION-OF-THE-TRADITIONAL-SCHEMES-PP.-72-81.pdf\">DOWNLOAD PDF<\/a><\/p>\n<p class=\"MsoNormal\"><strong>7. VLAD OVIDIU CIOAC\u0102, EXPLANATORY PARADIGMS OF THE RELATIONSHIP BETWEEN LANGUAGE, CULTURE, AND REPORTING TO REALITY (PP. 82-93)<\/strong><\/p>\n<p class=\"MsoNormal\">RECIVED<span lang=\"EN-US\" style=\"mso-ansi-language: EN-US;\">: JANUARY 17 2018<\/span><\/p>\n<p class=\"MsoNormal\"><span lang=\"EN-US\" style=\"mso-ansi-language: EN-US;\">ACCEPTED: FEBRUARY 9 2018<\/span><\/p>\n<p class=\"MsoNormal\"><a href=\"http:\/\/www.sociologiecraiova.ro\/revista\/wp-content\/uploads\/2018\/07\/7.-VLAD-OVIDIU-CIOAC\u0102-EXPLANATORY-PARADIGMS-OF-THE-RELATIONSHIP-BETWEEN-LANGUAGE-CULTURE-AND-REPORTING-TO-REALITY-PP.-82-93.pdf\">DOWNLOAD PDF<\/a><\/p>\n<p><strong>8. PABLO ARCONADA LEDESMA, FROM IRREDENTISM TO STATE DISINTEGRATION: GREATER SOMALIA DURING SIAD BARRE REGIME (1969-1991) (PP. 94-105)<\/strong><\/p>\n<p>RECIVED: APRIL 26 2018<\/p>\n<p>ACCEPTED: MAY 6 2018<\/p>\n<p><a href=\"http:\/\/www.sociologiecraiova.ro\/revista\/wp-content\/uploads\/2018\/07\/8.-ARCONADA-LEDESMA-FROM-IRREDENTISM-TO-STATE-DISINTEGRATION-GREATER-SOMALIA-DURING-SIAD-BARRE-REGIME-1969-1991-PP.-94-105.pdf\">DOWNLOAD PDF<\/a><\/p>\n<p><strong>9. C\u00c9SAR GARC\u00cdA ANDR\u00c9S, CENTRAL AND EASTERN EUROPE AFTER THE END OF COMMUNISM: THE BEGINNING OF RELATIONS WITH THE EUROPEAN UNION. THE CASE OF UKRAINE (1991-1999) (PP. 106-119)<\/strong><\/p>\n<p>RECIVED: APRIL 26 2018<\/p>\n<p>ACCEPTED: MAY 6 2018<\/p>\n<p><a href=\"http:\/\/www.sociologiecraiova.ro\/revista\/wp-content\/uploads\/2018\/07\/9.-C\u00c9SAR-GARC\u00cdA-ANDR\u00c9S-CENTRAL-AND-EASTERN-EUROPE-AFTER-THE-END-OF-COMMUNISM-THE-BEGINNING-OF-RELATIONS-WITH-THE-EUROPEAN-UNION.-THE-CASE-OF-UKRAINE-1991-19.pdf\">DOWNLOAD PDF<\/a><\/p>\n<p><strong>10. MIHAELA GRASU, INCLUSION OF STUDENTS WITH SPECIAL EDUCATIONAL NEEDS &#8211; A VISIBLE SOLUTION FOR ROMANIAN EDUCATION? (PP. 120-127)<\/strong><\/p>\n<p>RECIVED: APRIL 2 2018<\/p>\n<p>ACCEPTED: APRIL 26 2018<\/p>\n<p><a href=\"http:\/\/www.sociologiecraiova.ro\/revista\/wp-content\/uploads\/2018\/07\/10.-MIHAELA-GRASU-INCLUSION-OF-STUDENTS-WITH-SPECIAL-EDUCATIONAL-NEEDS-A-VISIBLE-SOLUTION-FOR-ROMANIAN-EDUCATION-PP.-120-127.pdf\">DOWNLOAD PDF<\/a><\/p>\n<p><strong>11. MARIANA P\u0102DUREANU, SEXUAL ABUSE COMMITED ON WOMEN AND CHILDREN (PP. 128-135)<\/strong><\/p>\n<p>RECIVED: JANUARY 4 2018<\/p>\n<p>ACCEPTED: JANUARY 21 2018<\/p>\n<p><a href=\"http:\/\/www.sociologiecraiova.ro\/revista\/wp-content\/uploads\/2018\/07\/11.-MARIANA-P\u0102DUREANU-SEXUAL-ABUSE-COMMITED-ON-WOMEN-AND-CHILDREN-PP.-128-135.pdf\">DOWNLOAD PDF<\/a><\/p>\n<p><strong>12. FLORIN IONU\u021a STANCU, THE SOCIAL ASSISTANCE SYSTEM IN ROMANIA. LEGISLATIVE REFERENCES (PP. 136-146)<\/strong><\/p>\n<p>RECIVED: APRIL 4 2018<\/p>\n<p>ACCEPTED: APRIL 28 2018<\/p>\n<p><a href=\"http:\/\/www.sociologiecraiova.ro\/revista\/wp-content\/uploads\/2018\/07\/12.-FLORIN-IONU\u021a-STANCU-THE-SOCIAL-ASSISTANCE-SYSTEM-IN-ROMANIA.-LEGISLATIVE-REFERENCES-PP.-136-146.pdf\">DOWNLOAD PDF<\/a><\/p>\n<p><strong>13. VIOLETA MANEA, THE POST DECEMBRIST EVOLUTION OF SOCIAL ASSISTANCE AS AN EDUCATIONAL SYSTEM OF SPECIALISTS TRAINING AND AS INSTITUTIONAL-ADMINISTRATIVE SYSTEM (PP. 147-157)<\/strong><\/p>\n<p>RECIVED: APRIL 4 2018<\/p>\n<p>ACCEPTED: APRIL 22 2018<\/p>\n<p><a href=\"http:\/\/www.sociologiecraiova.ro\/revista\/wp-content\/uploads\/2018\/07\/13.-VIOLETA-MANEA-THE-POST-DECEMBRIST-EVOLUTION-OF-SOCIAL-ASSISTANCE-AS-AN-EDUCATIONAL-SYSTEM-OF-SPECIALISTS-TRAINING-AND-AS-INSTITUTIONAL-ADMINISTRATIVE-SYS.pdf\">DOWNLOAD PDF<\/a><\/p>\n<p><strong>14. CRISTIAN NICULA, CONCEPTUAL DEVELOPMENTS AND TYPES OF APPROACHES IN RESEARCHING THE NEEDS (PP. 158-166)<\/strong><\/p>\n<p>RECIVED: JUNE 14 2018<\/p>\n<p>ACCEPTED: JULY 8 2018<\/p>\n<p><a href=\"http:\/\/www.sociologiecraiova.ro\/revista\/wp-content\/uploads\/2018\/07\/14.-CRISTIAN-NICULA-CONCEPTUAL-DEVELOPMENTS-AND-TYPES-OF-APPROACHES-IN-RESEARCHING-THE-NEEDS-PP.-158-166.pdf\">DOWNLOAD PDF<\/a><\/p>\n<p><strong>15. IRINEL ROTARIU, REVIEW. CRISTINA GAVRILU\u021a\u0102, THE NEGATIVE OF THE DAILY, \u201dALEXANDRU IOAN CUZA\u201d UNIVERSITY PUBLISHING HOUSE, IA\u0218I, 2017 (PP. 167-168)<\/strong><\/p>\n<p>RECIVED: JANUARY 3 2018<\/p>\n<p>ACCEPTED: JANUARY 22 2018<\/p>\n<p><a href=\"http:\/\/www.sociologiecraiova.ro\/revista\/wp-content\/uploads\/2018\/07\/15.-IRINEL-ROTARIU-REVIEW.-CRISTINA-GAVRILU\u021a\u0102-THE-NEGATIVE-OF-THE-DAILY-\u201dALEXANDRU-IOAN-CUZA\u201d-UNIVERSITY-PUBLISHING-HOUSE-IA\u0218I-2017-PP.-167-168.pdf\">DOWNLOAD PDF<\/a><\/p>\n<p><strong>16. VLAD OVIDIU CIOAC\u0102, REVIEW. DUMITRU OTOVESCU, CRISTINA OTOVESCU (COORD.), THE CRAIOVA CITY: A MONOGRAPHY, BELADI:SITECH, CRAIOVA 2018 (PP. 169-170)<\/strong><\/p>\n<p>RECIVED: JANUARY 17 2018<\/p>\n<p>ACCEPTED: FEBRUARY 9 2018<\/p>\n<p><a href=\"http:\/\/www.sociologiecraiova.ro\/revista\/wp-content\/uploads\/2018\/07\/16.-VLAD-OVIDIU-CIOAC\u0102-REVIEW.-DUMITRU-OTOVESCU-CRISTINA-OTOVESCU-COORD.-THE-CRAIOVA-CITY-A-MONOGRAPHY-BELADISITECH-CRAIOVA-2018-PP.-169-170.pdf\">DOWNLOAD PDF<\/a><\/p>\n","protected":false},"excerpt":{"rendered":"<p>REVISTA UNIVERSITAR\u0102 DE SOCIOLOGIE NO.1\/2018 (FULL VERSION) DOWNLOAD PDF 1. \u0218TEFAN BUZ\u0102RNESCU; LILIANA GABRIELA ILIE, SOCIALIST MARKET ECONOMY &#8211; CHINA IN THE FACE OF HISTORY: IDEOLOGICAL STEREOTYPES, PRAXEOLOGICAL CLICHES, HISTORICAL INERTIA (PP. 8-25) RECIVED: JANUARY 20 2018 ACCEPTED: FEBRUARY 12 2018 \u00a0DOWNLOAD PDF 2. MIHAELA LUMINI\u021aA SANDU; KRISTIVE VIORICA ISPAS, FAMILY INFLUENCE IN THE PHENOMENON &hellip; <a href=\"https:\/\/sociologiecraiova.ro\/revista\/revista-universitara-de-sociologie-no-1-2018\/\" class=\"more-link\">Continue reading <span class=\"screen-reader-text\">REVISTA UNIVERSITARA DE SOCIOLOGIE NO.1\/2018<\/span> <span class=\"meta-nav\">&rarr;<\/span><\/a><\/p>\n","protected":false},"author":1,"featured_media":0,"parent":0,"menu_order":0,"comment_status":"closed","ping_status":"closed","template":"","meta":{"_exactmetrics_skip_tracking":false,"_exactmetrics_sitenote_active":false,"_exactmetrics_sitenote_note":"","_exactmetrics_sitenote_category":0,"footnotes":""},"class_list":["post-151","page","type-page","status-publish","hentry"],"yoast_head":"<!-- This site is optimized with the Yoast SEO plugin v27.3 - https:\/\/yoast.com\/product\/yoast-seo-wordpress\/ -->\n<title>REVISTA UNIVERSITARA DE SOCIOLOGIE NO.1\/2018 - Revista Universitar\u0103 de Sociologie<\/title>\n<meta name=\"robots\" content=\"index, follow, max-snippet:-1, max-image-preview:large, max-video-preview:-1\" \/>\n<link rel=\"canonical\" href=\"https:\/\/sociologiecraiova.ro\/revista\/revista-universitara-de-sociologie-no-1-2018\/\" \/>\n<meta property=\"og:locale\" content=\"en_US\" \/>\n<meta property=\"og:type\" content=\"article\" \/>\n<meta property=\"og:title\" content=\"REVISTA UNIVERSITARA DE SOCIOLOGIE NO.1\/2018 - Revista Universitar\u0103 de Sociologie\" \/>\n<meta property=\"og:description\" content=\"REVISTA UNIVERSITAR\u0102 DE SOCIOLOGIE NO.1\/2018 (FULL VERSION) DOWNLOAD PDF 1. \u0218TEFAN BUZ\u0102RNESCU; LILIANA GABRIELA ILIE, SOCIALIST MARKET ECONOMY &#8211; CHINA IN THE FACE OF HISTORY: IDEOLOGICAL STEREOTYPES, PRAXEOLOGICAL CLICHES, HISTORICAL INERTIA (PP. 8-25) RECIVED: JANUARY 20 2018 ACCEPTED: FEBRUARY 12 2018 \u00a0DOWNLOAD PDF 2. MIHAELA LUMINI\u021aA SANDU; KRISTIVE VIORICA ISPAS, FAMILY INFLUENCE IN THE PHENOMENON &hellip; Continue reading REVISTA UNIVERSITARA DE SOCIOLOGIE NO.1\/2018 &rarr;\" \/>\n<meta property=\"og:url\" content=\"https:\/\/sociologiecraiova.ro\/revista\/revista-universitara-de-sociologie-no-1-2018\/\" \/>\n<meta property=\"og:site_name\" content=\"Revista Universitar\u0103 de Sociologie\" \/>\n<meta property=\"article:modified_time\" content=\"2018-07-16T08:44:28+00:00\" \/>\n<meta name=\"twitter:card\" content=\"summary_large_image\" \/>\n<meta name=\"twitter:label1\" content=\"Est. reading time\" \/>\n\t<meta name=\"twitter:data1\" content=\"2 minutes\" \/>\n<script type=\"application\/ld+json\" class=\"yoast-schema-graph\">{\"@context\":\"https:\\\/\\\/schema.org\",\"@graph\":[{\"@type\":\"WebPage\",\"@id\":\"https:\\\/\\\/sociologiecraiova.ro\\\/revista\\\/revista-universitara-de-sociologie-no-1-2018\\\/\",\"url\":\"https:\\\/\\\/sociologiecraiova.ro\\\/revista\\\/revista-universitara-de-sociologie-no-1-2018\\\/\",\"name\":\"REVISTA UNIVERSITARA DE SOCIOLOGIE NO.1\\\/2018 - Revista Universitar\u0103 de Sociologie\",\"isPartOf\":{\"@id\":\"https:\\\/\\\/sociologiecraiova.ro\\\/revista\\\/#website\"},\"datePublished\":\"2018-07-12T18:03:42+00:00\",\"dateModified\":\"2018-07-16T08:44:28+00:00\",\"breadcrumb\":{\"@id\":\"https:\\\/\\\/sociologiecraiova.ro\\\/revista\\\/revista-universitara-de-sociologie-no-1-2018\\\/#breadcrumb\"},\"inLanguage\":\"en-US\",\"potentialAction\":[{\"@type\":\"ReadAction\",\"target\":[\"https:\\\/\\\/sociologiecraiova.ro\\\/revista\\\/revista-universitara-de-sociologie-no-1-2018\\\/\"]}]},{\"@type\":\"BreadcrumbList\",\"@id\":\"https:\\\/\\\/sociologiecraiova.ro\\\/revista\\\/revista-universitara-de-sociologie-no-1-2018\\\/#breadcrumb\",\"itemListElement\":[{\"@type\":\"ListItem\",\"position\":1,\"name\":\"Home\",\"item\":\"https:\\\/\\\/sociologiecraiova.ro\\\/revista\\\/\"},{\"@type\":\"ListItem\",\"position\":2,\"name\":\"REVISTA UNIVERSITARA DE SOCIOLOGIE NO.1\\\/2018\"}]},{\"@type\":\"WebSite\",\"@id\":\"https:\\\/\\\/sociologiecraiova.ro\\\/revista\\\/#website\",\"url\":\"https:\\\/\\\/sociologiecraiova.ro\\\/revista\\\/\",\"name\":\"Revista Universitar\u0103 de Sociologie\",\"description\":\"\",\"potentialAction\":[{\"@type\":\"SearchAction\",\"target\":{\"@type\":\"EntryPoint\",\"urlTemplate\":\"https:\\\/\\\/sociologiecraiova.ro\\\/revista\\\/?s={search_term_string}\"},\"query-input\":{\"@type\":\"PropertyValueSpecification\",\"valueRequired\":true,\"valueName\":\"search_term_string\"}}],\"inLanguage\":\"en-US\"}]}<\/script>\n<!-- \/ Yoast SEO plugin. -->","yoast_head_json":{"title":"REVISTA UNIVERSITARA DE SOCIOLOGIE NO.1\/2018 - Revista Universitar\u0103 de Sociologie","robots":{"index":"index","follow":"follow","max-snippet":"max-snippet:-1","max-image-preview":"max-image-preview:large","max-video-preview":"max-video-preview:-1"},"canonical":"https:\/\/sociologiecraiova.ro\/revista\/revista-universitara-de-sociologie-no-1-2018\/","og_locale":"en_US","og_type":"article","og_title":"REVISTA UNIVERSITARA DE SOCIOLOGIE NO.1\/2018 - Revista Universitar\u0103 de Sociologie","og_description":"REVISTA UNIVERSITAR\u0102 DE SOCIOLOGIE NO.1\/2018 (FULL VERSION) DOWNLOAD PDF 1. \u0218TEFAN BUZ\u0102RNESCU; LILIANA GABRIELA ILIE, SOCIALIST MARKET ECONOMY &#8211; CHINA IN THE FACE OF HISTORY: IDEOLOGICAL STEREOTYPES, PRAXEOLOGICAL CLICHES, HISTORICAL INERTIA (PP. 8-25) RECIVED: JANUARY 20 2018 ACCEPTED: FEBRUARY 12 2018 \u00a0DOWNLOAD PDF 2. MIHAELA LUMINI\u021aA SANDU; KRISTIVE VIORICA ISPAS, FAMILY INFLUENCE IN THE PHENOMENON &hellip; Continue reading REVISTA UNIVERSITARA DE SOCIOLOGIE NO.1\/2018 &rarr;","og_url":"https:\/\/sociologiecraiova.ro\/revista\/revista-universitara-de-sociologie-no-1-2018\/","og_site_name":"Revista Universitar\u0103 de Sociologie","article_modified_time":"2018-07-16T08:44:28+00:00","twitter_card":"summary_large_image","twitter_misc":{"Est. reading time":"2 minutes"},"schema":{"@context":"https:\/\/schema.org","@graph":[{"@type":"WebPage","@id":"https:\/\/sociologiecraiova.ro\/revista\/revista-universitara-de-sociologie-no-1-2018\/","url":"https:\/\/sociologiecraiova.ro\/revista\/revista-universitara-de-sociologie-no-1-2018\/","name":"REVISTA UNIVERSITARA DE SOCIOLOGIE NO.1\/2018 - Revista Universitar\u0103 de Sociologie","isPartOf":{"@id":"https:\/\/sociologiecraiova.ro\/revista\/#website"},"datePublished":"2018-07-12T18:03:42+00:00","dateModified":"2018-07-16T08:44:28+00:00","breadcrumb":{"@id":"https:\/\/sociologiecraiova.ro\/revista\/revista-universitara-de-sociologie-no-1-2018\/#breadcrumb"},"inLanguage":"en-US","potentialAction":[{"@type":"ReadAction","target":["https:\/\/sociologiecraiova.ro\/revista\/revista-universitara-de-sociologie-no-1-2018\/"]}]},{"@type":"BreadcrumbList","@id":"https:\/\/sociologiecraiova.ro\/revista\/revista-universitara-de-sociologie-no-1-2018\/#breadcrumb","itemListElement":[{"@type":"ListItem","position":1,"name":"Home","item":"https:\/\/sociologiecraiova.ro\/revista\/"},{"@type":"ListItem","position":2,"name":"REVISTA UNIVERSITARA DE SOCIOLOGIE NO.1\/2018"}]},{"@type":"WebSite","@id":"https:\/\/sociologiecraiova.ro\/revista\/#website","url":"https:\/\/sociologiecraiova.ro\/revista\/","name":"Revista Universitar\u0103 de Sociologie","description":"","potentialAction":[{"@type":"SearchAction","target":{"@type":"EntryPoint","urlTemplate":"https:\/\/sociologiecraiova.ro\/revista\/?s={search_term_string}"},"query-input":{"@type":"PropertyValueSpecification","valueRequired":true,"valueName":"search_term_string"}}],"inLanguage":"en-US"}]}},"_links":{"self":[{"href":"https:\/\/sociologiecraiova.ro\/revista\/wp-json\/wp\/v2\/pages\/151","targetHints":{"allow":["GET"]}}],"collection":[{"href":"https:\/\/sociologiecraiova.ro\/revista\/wp-json\/wp\/v2\/pages"}],"about":[{"href":"https:\/\/sociologiecraiova.ro\/revista\/wp-json\/wp\/v2\/types\/page"}],"author":[{"embeddable":true,"href":"https:\/\/sociologiecraiova.ro\/revista\/wp-json\/wp\/v2\/users\/1"}],"replies":[{"embeddable":true,"href":"https:\/\/sociologiecraiova.ro\/revista\/wp-json\/wp\/v2\/comments?post=151"}],"version-history":[{"count":7,"href":"https:\/\/sociologiecraiova.ro\/revista\/wp-json\/wp\/v2\/pages\/151\/revisions"}],"predecessor-version":[{"id":291,"href":"https:\/\/sociologiecraiova.ro\/revista\/wp-json\/wp\/v2\/pages\/151\/revisions\/291"}],"wp:attachment":[{"href":"https:\/\/sociologiecraiova.ro\/revista\/wp-json\/wp\/v2\/media?parent=151"}],"curies":[{"name":"wp","href":"https:\/\/api.w.org\/{rel}","templated":true}]}}